{"id":14,"date":"2017-05-01T15:29:07","date_gmt":"2017-05-01T13:29:07","guid":{"rendered":"http:\/\/step.edu.pl\/?page_id=14"},"modified":"2025-12-20T14:17:42","modified_gmt":"2025-12-20T13:17:42","slug":"kontakt","status":"publish","type":"page","link":"https:\/\/step.edu.pl\/index.php\/kontakt\/","title":{"rendered":"kontakt"},"content":{"rendered":"<p><a href=\"https:\/\/maps.app.goo.gl\/wkkZoo8AYady9a1M6\">https:\/\/maps.app.goo.gl\/wkkZoo8AYady9a1M6<\/a><\/p>\n<p>ADRES:<\/p>\n<p><strong><span style=\"color: #ff0000;\">UL. ELBL\u0104SKA 14, WEJ\u015aCIE B, POK\u00d3J 115 (PIERWSZE PI\u0118TRO)<\/span><\/strong><\/p>\n<p>Tel: 608 537\u00a0459,<\/p>\n<p>e-mail: step@step.edu.pl<\/p>\n<p><a href=\"https:\/\/www.facebook.com\/step.terapia\/\" target=\"_blank\" rel=\"noopener noreferrer\">Facebook<\/a><\/p>\n<p><strong>Dane rejestrowe firmy:<\/strong><\/p>\n<p>STEP \u2013 szkolenia, terapia, edukacja, poradnictwo<\/p>\n<p>Marzena\u00a0 Joanna Wawerska &#8211; Kus<\/p>\n<p>REGON: 140628589, NIP: 118-053-62-27<\/p>\n<p>Konto: Bank Millennium\u00a0 02 1160 2202 0000 0000 7888 9025<\/p>\n<p><img loading=\"lazy\" decoding=\"async\" class=\"wp-image-287 alignleft\" src=\"https:\/\/step.edu.pl\/wp-content\/uploads\/2023\/11\/20231102_141153.jpg\" alt=\"\" width=\"179\" height=\"239\" srcset=\"https:\/\/step.edu.pl\/wp-content\/uploads\/2023\/11\/20231102_141153.jpg 563w, https:\/\/step.edu.pl\/wp-content\/uploads\/2023\/11\/20231102_141153-225x300.jpg 225w\" sizes=\"auto, (max-width: 179px) 100vw, 179px\" \/><img loading=\"lazy\" decoding=\"async\" class=\"wp-image-292 alignleft\" src=\"https:\/\/step.edu.pl\/wp-content\/uploads\/2023\/11\/20231102_141202.jpg\" alt=\"\" width=\"279\" height=\"209\" srcset=\"https:\/\/step.edu.pl\/wp-content\/uploads\/2023\/11\/20231102_141202.jpg 4032w, https:\/\/step.edu.pl\/wp-content\/uploads\/2023\/11\/20231102_141202-300x225.jpg 300w, https:\/\/step.edu.pl\/wp-content\/uploads\/2023\/11\/20231102_141202-768x576.jpg 768w, https:\/\/step.edu.pl\/wp-content\/uploads\/2023\/11\/20231102_141202-1024x768.jpg 1024w\" sizes=\"auto, (max-width: 279px) 100vw, 279px\" \/><img loading=\"lazy\" decoding=\"async\" class=\"wp-image-290 alignleft\" src=\"https:\/\/step.edu.pl\/wp-content\/uploads\/2023\/11\/20231102_135854.jpg\" alt=\"\" width=\"259\" height=\"194\" srcset=\"https:\/\/step.edu.pl\/wp-content\/uploads\/2023\/11\/20231102_135854.jpg 4032w, https:\/\/step.edu.pl\/wp-content\/uploads\/2023\/11\/20231102_135854-300x225.jpg 300w, https:\/\/step.edu.pl\/wp-content\/uploads\/2023\/11\/20231102_135854-768x576.jpg 768w, https:\/\/step.edu.pl\/wp-content\/uploads\/2023\/11\/20231102_135854-1024x768.jpg 1024w\" sizes=\"auto, (max-width: 259px) 100vw, 259px\" \/> <img loading=\"lazy\" decoding=\"async\" class=\"wp-image-291 alignleft\" src=\"https:\/\/step.edu.pl\/wp-content\/uploads\/2023\/11\/20231102_135906.jpg\" alt=\"\" width=\"245\" height=\"327\" \/><img loading=\"lazy\" decoding=\"async\" class=\"wp-image-289 alignleft\" src=\"https:\/\/step.edu.pl\/wp-content\/uploads\/2023\/11\/20231102_135816.jpg\" alt=\"\" width=\"234\" height=\"312\" \/><\/p>\n","protected":false},"excerpt":{"rendered":"<p>https:\/\/maps.app.goo.gl\/wkkZoo8AYady9a1M6 ADRES: UL. ELBL\u0104SKA 14, WEJ\u015aCIE B, POK\u00d3J 115 (PIERWSZE PI\u0118TRO) Tel: 608 537\u00a0459, e-mail: step@step.edu.pl Facebook Dane rejestrowe firmy: STEP \u2013 szkolenia, terapia, edukacja, poradnictwo Marzena\u00a0 Joanna Wawerska &#8211; Kus REGON: 140628589, NIP: 118-053-62-27 Konto: Bank Millennium\u00a0 02 1160 2202 0000 0000 7888 9025<\/p>\n","protected":false},"author":1,"featured_media":0,"parent":0,"menu_order":6,"comment_status":"closed","ping_status":"closed","template":"","meta":{"footnotes":""},"class_list":["post-14","page","type-page","status-publish","hentry"],"_links":{"self":[{"href":"https:\/\/step.edu.pl\/index.php\/wp-json\/wp\/v2\/pages\/14","targetHints":{"allow":["GET"]}}],"collection":[{"href":"https:\/\/step.edu.pl\/index.php\/wp-json\/wp\/v2\/pages"}],"about":[{"href":"https:\/\/step.edu.pl\/index.php\/wp-json\/wp\/v2\/types\/page"}],"author":[{"embeddable":true,"href":"https:\/\/step.edu.pl\/index.php\/wp-json\/wp\/v2\/users\/1"}],"replies":[{"embeddable":true,"href":"https:\/\/step.edu.pl\/index.php\/wp-json\/wp\/v2\/comments?post=14"}],"version-history":[{"count":38,"href":"https:\/\/step.edu.pl\/index.php\/wp-json\/wp\/v2\/pages\/14\/revisions"}],"predecessor-version":[{"id":397,"href":"https:\/\/step.edu.pl\/index.php\/wp-json\/wp\/v2\/pages\/14\/revisions\/397"}],"wp:attachment":[{"href":"https:\/\/step.edu.pl\/index.php\/wp-json\/wp\/v2\/media?parent=14"}],"curies":[{"name":"wp","href":"https:\/\/api.w.org\/{rel}","templated":true}]}}