{"id":16,"date":"2017-05-01T15:29:14","date_gmt":"2017-05-01T13:29:14","guid":{"rendered":"http:\/\/step.edu.pl\/?page_id=16"},"modified":"2026-04-28T09:48:37","modified_gmt":"2026-04-28T07:48:37","slug":"cennik","status":"publish","type":"page","link":"https:\/\/step.edu.pl\/index.php\/cennik\/","title":{"rendered":"cennik"},"content":{"rendered":"<ul>\n<li>spotkanie <strong>diagnostyczne \/ wst\u0119pna konsultacja<\/strong> (50 min) &#8211;<strong> 270 z\u0142<\/strong><\/li>\n<li>sesja psychoterapii <strong>indywidualnej<\/strong>\u00a0 (50 minut) &#8211; <strong>250 z\u0142<\/strong><\/li>\n<li>sesja <strong>terapii par<\/strong> (50 minut) &#8211; <strong>270 z\u0142<\/strong><\/li>\n<li>sesja <strong>rodzinna<\/strong> (tylko pe\u0142noletni cz\u0142onkowie rodziny &#8211; 60 minut) &#8211; <strong>340 z\u0142<\/strong><\/li>\n<li>sesja <strong>superwizji indywidualnej<\/strong> (50 minut) &#8211; <strong>270 z\u0142<\/strong><\/li>\n<li>wszystkie rodzaje terapii (poza sesj\u0105 rodzinn\u0105), na \u017cyczenie pacjenta lub w zwi\u0105zku z sytuacj\u0105 epidemiczn\u0105, mog\u0105 odbywa\u0107 si\u0119 tak\u017ce w <strong>formie zdalnej<\/strong> (do uzgodnienia na jakiej platformie &#8211; Skype, Zoom, Messenger) &#8211; cena taka sama jak w przypadku spotkania osobistego.<\/li>\n<\/ul>\n<hr \/>\n<h3 style=\"text-align: center;\" align=\"left\">Odwo\u0142anie spotkania terapeutycznego, przez klienta w dniu tego spotkania\u00a0lub opuszczenie go bez powiadomienia, jest r\u00f3wnoznaczne z jego op\u0142aceniem w pe\u0142nej kwocie.<\/h3>\n","protected":false},"excerpt":{"rendered":"<p>spotkanie diagnostyczne \/ wst\u0119pna konsultacja (50 min) &#8211; 270 z\u0142 sesja psychoterapii indywidualnej\u00a0 (50 minut) &#8211; 250 z\u0142 sesja terapii par (50 minut) &#8211; 270 z\u0142 sesja rodzinna (tylko pe\u0142noletni cz\u0142onkowie rodziny &#8211; 60 minut) &#8211; 340 z\u0142 sesja superwizji indywidualnej (50 minut) &#8211; 270 z\u0142 wszystkie rodzaje terapii (poza sesj\u0105 rodzinn\u0105), na \u017cyczenie pacjenta lub w zwi\u0105zku z sytuacj\u0105 epidemiczn\u0105, mog\u0105 odbywa\u0107 si\u0119 tak\u017ce w formie zdalnej (do uzgodnienia na jakiej platformie &#8211; Skype, Zoom, Messenger) &#8211; cena taka sama jak w przypadku spotkania osobistego. Odwo\u0142anie spotkania terapeutycznego, przez klienta w dniu tego spotkania\u00a0lub opuszczenie go bez powiadomienia, jest r\u00f3wnoznaczne z jego op\u0142aceniem w pe\u0142nej kwocie.<\/p>\n","protected":false},"author":1,"featured_media":0,"parent":0,"menu_order":5,"comment_status":"closed","ping_status":"closed","template":"","meta":{"footnotes":""},"class_list":["post-16","page","type-page","status-publish","hentry"],"_links":{"self":[{"href":"https:\/\/step.edu.pl\/index.php\/wp-json\/wp\/v2\/pages\/16","targetHints":{"allow":["GET"]}}],"collection":[{"href":"https:\/\/step.edu.pl\/index.php\/wp-json\/wp\/v2\/pages"}],"about":[{"href":"https:\/\/step.edu.pl\/index.php\/wp-json\/wp\/v2\/types\/page"}],"author":[{"embeddable":true,"href":"https:\/\/step.edu.pl\/index.php\/wp-json\/wp\/v2\/users\/1"}],"replies":[{"embeddable":true,"href":"https:\/\/step.edu.pl\/index.php\/wp-json\/wp\/v2\/comments?post=16"}],"version-history":[{"count":27,"href":"https:\/\/step.edu.pl\/index.php\/wp-json\/wp\/v2\/pages\/16\/revisions"}],"predecessor-version":[{"id":400,"href":"https:\/\/step.edu.pl\/index.php\/wp-json\/wp\/v2\/pages\/16\/revisions\/400"}],"wp:attachment":[{"href":"https:\/\/step.edu.pl\/index.php\/wp-json\/wp\/v2\/media?parent=16"}],"curies":[{"name":"wp","href":"https:\/\/api.w.org\/{rel}","templated":true}]}}