{"id":20,"date":"2017-05-01T15:29:53","date_gmt":"2017-05-01T13:29:53","guid":{"rendered":"http:\/\/step.edu.pl\/?page_id=20"},"modified":"2025-12-15T10:28:56","modified_gmt":"2025-12-15T09:28:56","slug":"szkolenia","status":"publish","type":"page","link":"https:\/\/step.edu.pl\/index.php\/szkolenia\/","title":{"rendered":"Szkolenia"},"content":{"rendered":"<h2><img loading=\"lazy\" decoding=\"async\" class=\"alignnone size-full wp-image-327\" src=\"https:\/\/step.edu.pl\/wp-content\/uploads\/2025\/02\/20241109_124735-scaled.jpg\" alt=\"\" width=\"2560\" height=\"1920\" srcset=\"https:\/\/step.edu.pl\/wp-content\/uploads\/2025\/02\/20241109_124735-scaled.jpg 2560w, https:\/\/step.edu.pl\/wp-content\/uploads\/2025\/02\/20241109_124735-300x225.jpg 300w, https:\/\/step.edu.pl\/wp-content\/uploads\/2025\/02\/20241109_124735-1024x768.jpg 1024w, https:\/\/step.edu.pl\/wp-content\/uploads\/2025\/02\/20241109_124735-768x576.jpg 768w, https:\/\/step.edu.pl\/wp-content\/uploads\/2025\/02\/20241109_124735-1536x1152.jpg 1536w, https:\/\/step.edu.pl\/wp-content\/uploads\/2025\/02\/20241109_124735-2048x1536.jpg 2048w\" sizes=\"auto, (max-width: 2560px) 100vw, 2560px\" \/><\/h2>\n<h2>Aktualnie trwa nab\u00f3r:<\/h2>\n<p><img loading=\"lazy\" decoding=\"async\" class=\"alignnone  wp-image-385\" src=\"https:\/\/step.edu.pl\/wp-content\/uploads\/2025\/12\/fb-post-1.jpg\" alt=\"\" width=\"689\" height=\"861\" srcset=\"https:\/\/step.edu.pl\/wp-content\/uploads\/2025\/12\/fb-post-1.jpg 1200w, https:\/\/step.edu.pl\/wp-content\/uploads\/2025\/12\/fb-post-1-240x300.jpg 240w, https:\/\/step.edu.pl\/wp-content\/uploads\/2025\/12\/fb-post-1-819x1024.jpg 819w, https:\/\/step.edu.pl\/wp-content\/uploads\/2025\/12\/fb-post-1-768x960.jpg 768w\" sizes=\"auto, (max-width: 689px) 100vw, 689px\" \/><\/p>\n<div class=\"xdj266r x14z9mp xat24cr x1lziwak x1vvkbs\">Adresatami szkolenia s\u0105 wszyscy ci, kt\u00f3rzy tak, jak my, prowadz\u0105ce szkolenie, uwa\u017caj\u0105 grupy terapeutyczne za niepowtarzalny fenomen i jedyne w swoim rodzaju do\u015bwiadczenie osobiste i\/ale:<br class=\"html-br\" \/>\u2022 Ju\u017c pracuj\u0105 z grupami i czuj\u0105 si\u0119 w tej formie pracy niepewnie;<br class=\"html-br\" \/>\u2022 Chcieliby i boj\u0105 si\u0119 rozpocz\u0105\u0107 prac\u0119 z grupami;<br class=\"html-br\" \/>\u2022 W og\u00f3le o tym nie my\u015bl\u0105, ale mo\u017ce kiedy\u015b\u2026;<br class=\"html-br\" \/>\u2022 Maj\u0105 swoje powody, \u017ceby wzi\u0105\u0107 udzia\u0142 w takim szkoleniu, ale opowiedz\u0105 o nich podczas szkolenia.<br class=\"html-br\" \/>Zapraszamy psychoterapeut\u00f3w (wszystkich nurt\u00f3w), specjalist\u00f3w psychoterapii i instruktor\u00f3w terapii uzale\u017cnie\u0144, specjalist\u00f3w w dziedzinie uzale\u017cnie\u0144. Je\u015bli nale\u017cysz do innej grupy zawodowej, i chcesz wzi\u0105\u0107 udzia\u0142, ale masz w\u0105tpliwo\u015b\u0107 czy to szkolenie jest dla ciebie, skontaktuj si\u0119 z kt\u00f3r\u0105\u015b z nas.<br class=\"html-br\" \/>Program (30 h dydaktycznych):<br class=\"html-br\" \/>\u2022 Historia terapii grupowej;<br class=\"html-br\" \/>\u2022 Wska\u017aniki skuteczno\u015bci psychoterapii (badania);<br class=\"html-br\" \/>\u2022 Istota procesu grupowego: przebieg, fazy, dynamika, zjawiska specyficzne, czynniki lecz\u0105ce;<br class=\"html-br\" \/>\u2022 Rodzaje grup;<br class=\"html-br\" \/>\u2022 Role w grupie (uczestnik\u00f3w i prowadz\u0105cych);<br class=\"html-br\" \/>\u2022 Wady i zalety psychoterapii grupowej czyli zagro\u017cenia, wykluczenia, wskazania i rekomendacje;<br class=\"html-br\" \/>\u2022 Metody i techniki pracy z grupami.<br class=\"html-br\" \/>W ramach szkolenia przewidziane jest aktywne uczestnictwo, case studies, elementy wyk\u0142adowe i superwizyjne. Mamy bogate i wieloletnie do\u015bwiadczenie w prowadzeniu grup i ch\u0119tnie si\u0119 nim b\u0119dziemy dzieli\u0107 z uczestnikami.<br class=\"html-br\" \/>Termin: 27.02 (pi\u0105tek od 15.00), 28.02 (sobota), 1.03 (niedziela do 17.40)<br class=\"html-br\" \/>Szkolenie odb\u0119dzie si\u0119 w Warszawie w formie stacjonarnej.<br class=\"html-br\" \/>Liczba miejsc ograniczona, zale\u017cy nam na kameralno\u015bci.<\/div>\n<div class=\"x14z9mp xat24cr x1lziwak x1vvkbs xtlvy1s\"><strong>Cena: do ko\u0144ca roku 2025 &#8211; 1400 z\u0142.<\/strong><br class=\"html-br\" \/><strong>Od 1 do 31 stycznia &#8211; 1500 z\u0142.<\/strong><br class=\"html-br\" \/><strong>Od 1 lutego do dnia szkolenia &#8211; 1600 z\u0142.<\/strong><\/div>\n<div class=\"x14z9mp xat24cr x1lziwak x1vvkbs xtlvy1s\">\u00a0<\/div>\n<div class=\"x14z9mp xat24cr x1lziwak x1vvkbs xtlvy1s\">Kontakt:<\/div>\n<div class=\"x14z9mp xat24cr x1lziwak x1vvkbs xtlvy1s\">Joanna Wawerska \u2013 Kus: step.terapia@gmail.com<br class=\"html-br\" \/>Kasia Czerwonka: katarzyna_czerwonka@poczta.onet.pl<\/div>\n<div class=\"x14z9mp xat24cr x1lziwak x1vvkbs xtlvy1s\">Zg\u0142oszenia przyjmujemy mailowo.<\/div>\n<h2><span style=\"vertical-align: inherit;\"><span style=\"vertical-align: inherit;\">Na zam\u00f3wienie podmiot\u00f3w prywatnych i publicznych, prowadzenie\u00a0 <\/span><\/span><strong><span style=\"vertical-align: inherit;\"><span style=\"vertical-align: inherit;\">szkole\u0144 na tematy z obszaru psychoterapii uzale\u017cnie\u0144 i psychoterapii rodzin os\u00f3b uzale\u017cnionych (DDA i wsp\u00f3\u0142uzale\u017cnienie).<\/span><\/span><\/strong><\/h2>\n<p><span style=\"vertical-align: inherit;\"><span style=\"vertical-align: inherit;\">Koszt szkole\u0144 i zakres godzinowy &#8211; do uzgodnienia<\/span><\/span><\/p>\n<p><span style=\"vertical-align: inherit;\"><span style=\"vertical-align: inherit;\">Przyk\u0142adowe szkolenia:<\/span><\/span><\/p>\n<p><strong>Dialoteka:<\/strong><\/p>\n<p><img loading=\"lazy\" decoding=\"async\" class=\"alignnone size-full wp-image-373\" src=\"https:\/\/step.edu.pl\/wp-content\/uploads\/2025\/11\/Obraz2.png\" alt=\"\" width=\"729\" height=\"461\" srcset=\"https:\/\/step.edu.pl\/wp-content\/uploads\/2025\/11\/Obraz2.png 729w, https:\/\/step.edu.pl\/wp-content\/uploads\/2025\/11\/Obraz2-300x190.png 300w\" sizes=\"auto, (max-width: 729px) 100vw, 729px\" \/><\/p>\n<p><img loading=\"lazy\" decoding=\"async\" class=\"alignnone size-full wp-image-372\" src=\"https:\/\/step.edu.pl\/wp-content\/uploads\/2025\/11\/Obraz1.png\" alt=\"\" width=\"404\" height=\"212\" srcset=\"https:\/\/step.edu.pl\/wp-content\/uploads\/2025\/11\/Obraz1.png 404w, https:\/\/step.edu.pl\/wp-content\/uploads\/2025\/11\/Obraz1-300x157.png 300w\" sizes=\"auto, (max-width: 404px) 100vw, 404px\" \/><\/p>\n<p>15-16.11.2025<\/p>\n<p><b>\u201e<\/b><b>DDA +\u201d \u2013 czyli osoby z uzale\u017cnieniem b\u0119d\u0105ce jednocze\u015bnie tzw. DDA czyli same pochodz\u0105 z rodzin z problemem uzale\u017cnienia &#8211; <\/b><b>Szkolenie dla cz\u0142onk\u00f3w zespo\u0142u Poradni i Oddzia\u0142u leczenia uzale\u017cnie\u0144 <\/b><b>Szpitala MSWiA w Otwocku<\/b><\/p>\n<p><img decoding=\"async\" src=\"https:\/\/scontent-waw2-1.xx.fbcdn.net\/v\/t39.30808-6\/584485203_1284211773510651_5389266947878314526_n.jpg?_nc_cat=109&amp;ccb=1-7&amp;_nc_sid=833d8c&amp;_nc_ohc=NAeS1NwRTEYQ7kNvwEWRAZZ&amp;_nc_oc=Adm2N1iVfcjs37B8wNITzfjR7_41Snu0jQV14IAFtRsGkHQg0d_-d19fP553oDpoIRM&amp;_nc_zt=23&amp;_nc_ht=scontent-waw2-1.xx&amp;_nc_gid=71_q2puQ1Xuo2b0XfaJhxA&amp;oh=00_AfgUZhazw81EHm5gTZz6k9qjWggQC69UdyVkNRXDHYIcPg&amp;oe=6920C116\" alt=\"Mo\u017ce by\u0107 zdj\u0119ciem przedstawiaj\u0105cym nauka i tekst\" \/><\/p>\n<p><strong><span style=\"vertical-align: inherit;\"><span style=\"vertical-align: inherit;\">\u201eDDA- kim jest pacjent, kt\u00f3rego tak nazywamy,\u00a0 <\/span><\/span><\/strong><strong><span style=\"vertical-align: inherit;\"><span style=\"vertical-align: inherit;\">jak go rozumiemy, jak mu pomaga\u0107?\u201d &#8211;<\/span><\/span><\/strong><span style=\"vertical-align: inherit;\"><span style=\"vertical-align: inherit;\"> 40 godzin dydaktycznych (wyk\u0142ad, warsztaty, studium przypadku, superwizja) dla:<\/span><\/span><\/p>\n<ul>\n<li><span style=\"vertical-align: inherit;\"><span style=\"vertical-align: inherit;\">Centrum Odwykowego w Warszawie (Poradnia Leczenia Uzale\u017cnie\u0144 i Wsp\u00f3\u0142uzale\u017cnienia, przy ul. Jagiello\u0144skiej 34 i Oddzia\u0142 Dzienny przy ul. \u0141okietka 11 a) &#8211; kwiecie\u0144 2018<\/span><\/span><\/li>\n<li><span style=\"vertical-align: inherit;\"><span style=\"vertical-align: inherit;\">Regionalnego Centrum Pomocy Spo\u0142ecznej w \u0141odzi (uczestnikami byli terapeuci uzale\u017cnieni z terenu wojew\u00f3dztwa \u0142\u00f3dzkiego) &#8211; pa\u017adziernik &#8211; grudzie\u0144 2017, wrzesie\u0144 &#8211; grudzie\u0144 2019 &#8211; 4 grupy po 18 os\u00f3b.<\/span><\/span><\/li>\n<\/ul>\n<p><strong><span style=\"vertical-align: inherit;\"><span style=\"vertical-align: inherit;\">\u201eRola rejestratorki w procesie leczenia pacjent\u00f3w z r\u00f3znych grup zaburze\u0144 &#8211; zasoby i deficyty z perspektywy rejestratorki i z perspektywy pacjenta&#8221;<\/span><\/span><\/strong><span style=\"vertical-align: inherit;\"><span style=\"vertical-align: inherit;\"> &#8211; 8 h dydaktycznych (warsztat) dla rejestratorek medycznych Centrum Odwykowego w Warszawie, kwiecie\u0144 2018<\/span><\/span><\/p>\n<p><strong><span style=\"vertical-align: inherit;\"><span style=\"vertical-align: inherit;\">\u201eProces i procedura w psychoterapii grupowej dla DDA\u201d<\/span><\/span><\/strong><span style=\"vertical-align: inherit;\"><span style=\"vertical-align: inherit;\"> (tre\u015b\u0107 i forma szkole\u0144 przez PARPA) szkolenie (24 h dydaktyczne \u2013 9 h zaj\u0119\u0107 teoretycznych i 15 h warsztatowych) \u2013 zaj\u0119cia dla:<\/span><\/span><\/p>\n<ul>\n<li><span style=\"vertical-align: inherit;\"><span style=\"vertical-align: inherit;\">Poradnia Terapii Uzale\u017cnienia i Wsp\u00f3\u0142uzale\u017cnienia od Alkoholu, Gda\u0144sk, ul. Nowy Port \u2013 pa\u017adziernik 2008<\/span><\/span><\/li>\n<li><span style=\"vertical-align: inherit;\"><span style=\"vertical-align: inherit;\">Wojew\u00f3dzki O\u015brodek Leczenia Uzale\u017cnie\u0144 i Wsp\u00f3\u0142uzale\u017cnienia, Pruszk\u00f3w \u2013 kwiecie\u0144, maj 2009<\/span><\/span><\/li>\n<li><span style=\"vertical-align: inherit;\"><span style=\"vertical-align: inherit;\">Poradnia Terapii Uzale\u017cnienia i Wsp\u00f3\u0142uzale\u017cnienia, Warszawa, ul. Elektoralna \u2013 czerwiec 2009.<\/span><\/span><\/li>\n<\/ul>\n<p><span style=\"vertical-align: inherit;\"><span style=\"vertical-align: inherit;\">Wyk\u0142ady i warsztaty w ramach III i IV Og\u00f3lnopolskiej Konferencji organizowanej przez KSTU w Osieczanach k\/My\u015blenic<\/span><\/span><\/p>\n<ul>\n<li><span style=\"vertical-align: inherit;\"><span style=\"vertical-align: inherit;\">wyk\u0142ad z bada\u0144 i zastosowa\u0144 naukowych <\/span><\/span><strong><span style=\"vertical-align: inherit;\"><span style=\"vertical-align: inherit;\">\u201e\u015awiat wyobra\u017ani DDA\u201d<\/span><\/span><\/strong><span style=\"vertical-align: inherit;\"><span style=\"vertical-align: inherit;\"> \u2013 kwiecie\u0144 2008<\/span><\/span><\/li>\n<li><span style=\"vertical-align: inherit;\"><span style=\"vertical-align: inherit;\">wyk\u0142ad <\/span><\/span><strong><span style=\"vertical-align: inherit;\"><span style=\"vertical-align: inherit;\">\u201eUzale\u017cnienie i DDA \u2013 podw\u00f3jna diagnoza?\u201d<\/span><\/span><\/strong><span style=\"vertical-align: inherit;\"><span style=\"vertical-align: inherit;\"> \u2013 kwiecie\u0144 2009<\/span><\/span><\/li>\n<li><span style=\"vertical-align: inherit;\"><span style=\"vertical-align: inherit;\">warsztat (2 x 4 h) \u2013 <\/span><\/span><strong><span style=\"vertical-align: inherit;\"><span style=\"vertical-align: inherit;\">\u201ePrawid\u0142owa grupa \u2013 zaburzona grupa\u201d<\/span><\/span><\/strong><span style=\"vertical-align: inherit;\"><span style=\"vertical-align: inherit;\"> \u2013 praca superwizyjna dla uczestnik\u00f3w os\u00f3b z osobna w terapii grupowej \u2013 kwiecie\u0144 2009.<\/span><\/span><\/li>\n<\/ul>\n<h2><strong>Szkolenia realizowane dla Fundacji &#8220;Vis Salutis&#8221;<\/strong><\/h2>\n<p>Trwa rekrutacja:<\/p>\n<p><img decoding=\"async\" src=\"https:\/\/vissalutis.pl\/wp-content\/uploads\/2025\/06\/bordeline-w1_600x313.png\" \/><\/p>\n<p>5 edycji<\/p>\n<p><img loading=\"lazy\" decoding=\"async\" class=\"\" src=\"https:\/\/vissalutis.pl\/wp-content\/uploads\/2021\/10\/18_DDA.jpg\" width=\"649\" height=\"361\" \/><\/p>\n<p>3 edycje<\/p>\n<p><img loading=\"lazy\" decoding=\"async\" class=\"\" src=\"https:\/\/vissalutis.pl\/wp-content\/uploads\/2020\/11\/9_Praktyka_pracy_FB.png\" width=\"626\" height=\"327\" \/><\/p>\n<p><img loading=\"lazy\" decoding=\"async\" class=\"\" src=\"https:\/\/vissalutis.pl\/wp-content\/uploads\/2020\/05\/DDA_2.jpg\" alt=\"Zrozumie\u0107 DDA Cz. 1\" width=\"632\" height=\"353\" \/><\/p>\n<p><img loading=\"lazy\" decoding=\"async\" class=\"\" src=\"https:\/\/vissalutis.pl\/wp-content\/uploads\/2020\/07\/dda_baner-003.jpg\" alt=\"Zrozumie\u0107 DDA Cz. 2\" width=\"605\" height=\"336\" \/><\/p>\n<p><img loading=\"lazy\" decoding=\"async\" class=\"\" src=\"https:\/\/vissalutis.pl\/wp-content\/uploads\/2021\/06\/09A_2021_Etap-poglebiony-psychoterapii-uzaleznienia.jpg\" width=\"599\" height=\"333\" \/><\/p>\n<p>&nbsp;<\/p>\n<h2><span style=\"vertical-align: inherit;\"><span style=\"vertical-align: inherit;\">Zamknieta \u015bcie\u017cka szkoleniowa: superwizja szkoleniowa (III etap szkolenia PARPA i KCPU).\u00a0<\/span><\/span><\/h2>\n<p>&nbsp;<\/p>\n<p>&nbsp;<\/p>\n<p>&nbsp;<\/p>\n<p>&nbsp;<\/p>\n<h2>\u00a0<\/h2>\n\n\n<p><\/p>\n","protected":false},"excerpt":{"rendered":"<p>Aktualnie trwa nab\u00f3r: Adresatami szkolenia s\u0105 wszyscy ci, kt\u00f3rzy tak, jak my, prowadz\u0105ce szkolenie, uwa\u017caj\u0105 grupy terapeutyczne za niepowtarzalny fenomen i jedyne w swoim rodzaju do\u015bwiadczenie osobiste i\/ale:\u2022 Ju\u017c pracuj\u0105 z grupami i czuj\u0105 si\u0119 w tej formie pracy niepewnie;\u2022 Chcieliby i boj\u0105 si\u0119 rozpocz\u0105\u0107 prac\u0119 z grupami;\u2022 W og\u00f3le o tym nie my\u015bl\u0105, ale mo\u017ce kiedy\u015b\u2026;\u2022 Maj\u0105 swoje powody, \u017ceby wzi\u0105\u0107 udzia\u0142 w takim szkoleniu, ale opowiedz\u0105 o nich podczas szkolenia.Zapraszamy psychoterapeut\u00f3w (wszystkich nurt\u00f3w), specjalist\u00f3w psychoterapii i instruktor\u00f3w terapii uzale\u017cnie\u0144, specjalist\u00f3w w dziedzinie uzale\u017cnie\u0144. Je\u015bli nale\u017cysz do innej grupy zawodowej, i chcesz wzi\u0105\u0107 udzia\u0142, ale masz w\u0105tpliwo\u015b\u0107 czy to szkolenie jest dla ciebie, skontaktuj si\u0119 z kt\u00f3r\u0105\u015b z nas.Program&#8230;<\/p>\n","protected":false},"author":1,"featured_media":0,"parent":0,"menu_order":3,"comment_status":"closed","ping_status":"closed","template":"","meta":{"footnotes":""},"class_list":["post-20","page","type-page","status-publish","hentry"],"_links":{"self":[{"href":"https:\/\/step.edu.pl\/index.php\/wp-json\/wp\/v2\/pages\/20","targetHints":{"allow":["GET"]}}],"collection":[{"href":"https:\/\/step.edu.pl\/index.php\/wp-json\/wp\/v2\/pages"}],"about":[{"href":"https:\/\/step.edu.pl\/index.php\/wp-json\/wp\/v2\/types\/page"}],"author":[{"embeddable":true,"href":"https:\/\/step.edu.pl\/index.php\/wp-json\/wp\/v2\/users\/1"}],"replies":[{"embeddable":true,"href":"https:\/\/step.edu.pl\/index.php\/wp-json\/wp\/v2\/comments?post=20"}],"version-history":[{"count":40,"href":"https:\/\/step.edu.pl\/index.php\/wp-json\/wp\/v2\/pages\/20\/revisions"}],"predecessor-version":[{"id":387,"href":"https:\/\/step.edu.pl\/index.php\/wp-json\/wp\/v2\/pages\/20\/revisions\/387"}],"wp:attachment":[{"href":"https:\/\/step.edu.pl\/index.php\/wp-json\/wp\/v2\/media?parent=20"}],"curies":[{"name":"wp","href":"https:\/\/api.w.org\/{rel}","templated":true}]}}