{"id":200,"date":"2018-11-18T19:49:34","date_gmt":"2018-11-18T18:49:34","guid":{"rendered":"http:\/\/step.edu.pl\/?page_id=200"},"modified":"2023-09-22T10:10:00","modified_gmt":"2023-09-22T08:10:00","slug":"psychoterapia-dla-dda","status":"publish","type":"page","link":"https:\/\/step.edu.pl\/index.php\/psychoterapia-dla-dda\/","title":{"rendered":"Psychoterapia"},"content":{"rendered":"<h2 align=\"left\">Psychoterapia dla os\u00f3b, kt\u00f3re identyfikuj\u0105 si\u0119 jako DDA<\/h2>\n<p align=\"left\">DDA (potoczna, cho\u0107 stygmatyzuj\u0105ca nazwa to Doros\u0142e Dziecko Alkoholika) to osoba, kt\u00f3ra dorasta\u0142a w rodzinie, w kt\u00f3rej jedno z rodzic\u00f3w lub oboje nadu\u017cywali alkoholu lub wprowadzali do \u017cycia rodzinnego inny rodzaj destrukcji jak przemoc, hazard, choroba psychiczna, narkotyki i in. Przyj\u0119\u0142o si\u0119 u\u017cywa\u0107 okre\u015blenia DDDD (Doros\u0142e Dziecko Domu Dysfunkcyjnego) dla innych ni\u017c uzale\u017cnienie od alkoholu dysfunkcji rodziny. To, co dzia\u0142o si\u0119 w domu rodzinnym, mog\u0142o spowodowa\u0107 specyficzny rodzaj przystosowania si\u0119 do trudnej sytuacji i z dzieci\u0144stwa w formie strategii radzenia sobie w r\u00f3\u017cnych sferach, przenie\u015b\u0107 si\u0119 w \u017cycie doros\u0142e.<\/p>\n<p align=\"left\">Osoby takie mog\u0105 boryka\u0107 si\u0119 z:<\/p>\n<p align=\"left\">\u2022 brakiem zaufania do ludzi,<\/p>\n<p align=\"left\">\u2022 l\u0119kiem przed blisko\u015bci\u0105,<\/p>\n<p align=\"left\">\u2022 sk\u0142onno\u015bciami do uzale\u017cnie\u0144 i zachowa\u0144 kompulsywnych,<\/p>\n<p align=\"left\">\u2022 tendencj\u0105 do wchodzenia w niszcz\u0105ce zwi\u0105zki,<\/p>\n<p align=\"left\">\u2022 nadmiern\u0105 kontrol\u0105,<\/p>\n<p align=\"left\">\u2022 wycofaniem i bezradno\u015bci\u0105,<\/p>\n<p align=\"left\">\u2022 braniem na siebie zada\u0144 ponad si\u0142y,<\/p>\n<p align=\"left\">\u2022 brakiem umiej\u0119tno\u015bci sprzeciwu i obrony siebie,<\/p>\n<p align=\"left\">\u2022 trudno\u015bciami w budowaniu autorytet\u00f3w.<\/p>\n<p align=\"left\">Metaforyczny opis DDA stanowi \u201cBajka o dziecku wojowniku\u201d.<\/p>\n<p align=\"left\">PSYCHOTERAPIA DLA DDA pomaga w rozwi\u0105zaniu problem\u00f3w mog\u0105cych mie\u0107 sw\u00f3j pocz\u0105tek w tzw. alkoholowym dzieci\u0144stwie. Jej celem jest odreagowanie emocji zwi\u0105zanych z trudnymi wspomnieniami w taki spos\u00f3b, aby by\u0142o to bezpieczne i korygowa\u0142o wcze\u015bniejsze do\u015bwiadczenia. Psychoterapia ma umo\u017cliwi\u0107 uczestnikowi dotarcie do w\u0142asnych potrzeb, przekona\u0144 i emocji, kt\u00f3re stanowi\u0105 problem\u00a0i rozpocz\u0119cie pracy nad zmian\u0105 i rozwi\u0105zaniem problem\u00f3w.<\/p>\n<h2 align=\"left\"><\/h2>\n<h2 align=\"left\">PROPOZYCJA STEP \u2013 PSYCHOTERAPIA<\/h2>\n<p align=\"left\">Indywidualna prowadzona w formie 50 minutowych spotka\u0144 raz w tygodniu lub raz na dwa tygodnie, w zale\u017cno\u015bci od potrzeb i mo\u017cliwo\u015bci klienta.<\/p>\n<p align=\"left\">Czas kontraktu terapeutycznego od p\u00f3\u0142 do p\u00f3\u0142tora roku.<\/p>\n<p align=\"left\">Mo\u017cliwo\u015b\u0107 poprowadzenia terapii par (ma\u0142\u017ce\u0144skiej \/ partnerskiej).<\/p>\n<p align=\"left\">Metody integracyjne zakorzenione w nurcie humanistyczno \u2013 egzystencjalnym z elementami hipnozy ericksonowskiej.<\/p>\n","protected":false},"excerpt":{"rendered":"<p>Psychoterapia dla os\u00f3b, kt\u00f3re identyfikuj\u0105 si\u0119 jako DDA DDA (potoczna, cho\u0107 stygmatyzuj\u0105ca nazwa to Doros\u0142e Dziecko Alkoholika) to osoba, kt\u00f3ra dorasta\u0142a w rodzinie, w kt\u00f3rej jedno z rodzic\u00f3w lub oboje nadu\u017cywali alkoholu lub wprowadzali do \u017cycia rodzinnego inny rodzaj destrukcji jak przemoc, hazard, choroba psychiczna, narkotyki i in. Przyj\u0119\u0142o si\u0119 u\u017cywa\u0107 okre\u015blenia DDDD (Doros\u0142e Dziecko Domu Dysfunkcyjnego) dla innych ni\u017c uzale\u017cnienie od alkoholu dysfunkcji rodziny. To, co dzia\u0142o si\u0119 w domu rodzinnym, mog\u0142o spowodowa\u0107 specyficzny rodzaj przystosowania si\u0119 do trudnej sytuacji i z dzieci\u0144stwa w formie strategii radzenia sobie w r\u00f3\u017cnych sferach, przenie\u015b\u0107 si\u0119 w \u017cycie doros\u0142e. Osoby takie mog\u0105 boryka\u0107 si\u0119 z: \u2022 brakiem zaufania do ludzi, \u2022 l\u0119kiem&#8230;<\/p>\n","protected":false},"author":1,"featured_media":0,"parent":0,"menu_order":0,"comment_status":"closed","ping_status":"closed","template":"","meta":{"footnotes":""},"class_list":["post-200","page","type-page","status-publish","hentry"],"_links":{"self":[{"href":"https:\/\/step.edu.pl\/index.php\/wp-json\/wp\/v2\/pages\/200","targetHints":{"allow":["GET"]}}],"collection":[{"href":"https:\/\/step.edu.pl\/index.php\/wp-json\/wp\/v2\/pages"}],"about":[{"href":"https:\/\/step.edu.pl\/index.php\/wp-json\/wp\/v2\/types\/page"}],"author":[{"embeddable":true,"href":"https:\/\/step.edu.pl\/index.php\/wp-json\/wp\/v2\/users\/1"}],"replies":[{"embeddable":true,"href":"https:\/\/step.edu.pl\/index.php\/wp-json\/wp\/v2\/comments?post=200"}],"version-history":[{"count":6,"href":"https:\/\/step.edu.pl\/index.php\/wp-json\/wp\/v2\/pages\/200\/revisions"}],"predecessor-version":[{"id":256,"href":"https:\/\/step.edu.pl\/index.php\/wp-json\/wp\/v2\/pages\/200\/revisions\/256"}],"wp:attachment":[{"href":"https:\/\/step.edu.pl\/index.php\/wp-json\/wp\/v2\/media?parent=200"}],"curies":[{"name":"wp","href":"https:\/\/api.w.org\/{rel}","templated":true}]}}