{"id":22,"date":"2017-05-01T15:30:03","date_gmt":"2017-05-01T13:30:03","guid":{"rendered":"http:\/\/step.edu.pl\/?page_id=22"},"modified":"2025-11-26T20:10:44","modified_gmt":"2025-11-26T19:10:44","slug":"publikacje","status":"publish","type":"page","link":"https:\/\/step.edu.pl\/index.php\/publikacje\/","title":{"rendered":"publikacje"},"content":{"rendered":"<h2 style=\"text-align: center;\"><strong>2025<\/strong><\/h2>\n<p><strong>&#8220;Rodzina z pogranicza <\/strong><strong><em>czyli jak mo\u017cna rozumie\u0107 osoby z zaburzeniami osobowo\u015bci typu borderline b\u0119d\u0105ce bliskimi os\u00f3b z uzale\u017cnieniem i jak z nimi pracowa\u0107.&#8221;\u00a0 <\/em><\/strong>w \u201eTerapia Os\u00f3b Uzale\u017cnionych i Ich Bliskich\u201d, nr 3\/2025, wrzesie\u0144 2025<\/p>\n<h2 style=\"text-align: center;\">2023<\/h2>\n<p><strong>\u201eKrasnoludki s\u0105 na \u015bwiecie, czyli o tym, co nazywamy wsp\u00f3\u0142uzale\u017cnieniem&#8221;<\/strong> w \u201eTerapia Os\u00f3b Uzale\u017cnionych i Ich Bliskich\u201d, nr 4\/2023, grudzie\u0144 2023<\/p>\n<p><strong>&#8220;Grupowo czyli jak?&#8221;<\/strong> w \u201eTerapia Os\u00f3b Uzale\u017cnionych i Ich Bliskich\u201d, nr 1\/2023, marzec 2023<\/p>\n<h2 style=\"text-align: center;\">2022<\/h2>\n<p><strong>\u201eKto ty jeste\u015b? \u2013 czyli o specyfice zawodu\u201d<\/strong> w \u201eSerwis Informacyjny<br \/>\nUzale\u017cnienia\u201d, nr 3\/2022, wrzesie\u0144 2022<\/p>\n<p><strong>&#8220;Wybuchowa mieszanka&#8221;<\/strong> \u2013 o profilaktyce uzale\u017cnie\u0144 w \u015brodowiskach artystycznych z <strong>Joann\u0105 Wawersk\u0105-Kus<\/strong> rozmawia Maja Ruszpel w Miesi\u0119cznik Teatr, nr 7-8\/2022, lipiec &#8211; sierpie\u0144 2022<\/p>\n<p><strong>\u201eWykluczenie, czyli o tym, jak terapeuci opuszczaj\u0105 pacjent\u00f3w\u201d<\/strong> \u2013 w<br \/>\n\u201eTerapia Os\u00f3b Uzale\u017cnionych i Ich Bliskich\u201d, nr 2\/2022, czerwiec<br \/>\n2022<\/p>\n<p style=\"text-align: center;\"><span style=\"color: #23282d; font-size: 1.6em; font-weight: 600; text-align: center;\">2020<\/span><\/p>\n<p><strong>&#8220;Potencja\u0142 r\u00f3\u017cnorodno\u015bci&#8221;<\/strong> wsp\u00f3lnie z Agnieszk\u0105 Kolano &#8211; (o trudno\u015bciach i potencjale prowadzenia superwizjii w zr\u00f3\u017cnicowanych zespo\u0142ach terapeutycznych) &#8211;\u00a0w \u201eTerapia Uzale\u017cnienia i Wsp\u00f3\u0142uzale\u017cnienia\u201d, nr 2, marzec 2020<\/p>\n<p><strong>&#8220;Progi i bariery&#8221;<\/strong> &#8211; (o tym, co powstrzymuje osoby uzale\u017cnione od podj\u0119cia terapii) &#8211;\u00a0w &#8220;\u015awiat Problem\u00f3w&#8221;, lipiec &#8211; sierpie\u0144 2020<\/p>\n<p><strong>&#8220;Kultura wsp\u00f3\u0142uzale\u017cnienia&#8221;<\/strong> &#8211; (pr\u00f3ba krytycznej weryfikacji koncepcji i praktyki pomagania kobietom nazywanym wsp\u00f3\u0142uzale\u017cnionymi) &#8211;\u00a0\u00a0w \u201eTerapia Uzale\u017cnienia i Wsp\u00f3\u0142uzale\u017cnienia\u201d, nr 6, grudzie\u0144 2020<\/p>\n<h2 style=\"text-align: center;\">2019<\/h2>\n<p><strong>&#8220;Wietrzenie magazyn\u00f3w&#8221;<\/strong> &#8211; (refleksje o aktualno\u015bci lub jej braku teorii i praktyki terapii uzale\u017cnienia i wsp\u00f3\u0142uzale\u017cnienia) &#8211; w \u201eTerapia Uzale\u017cnienia i Wsp\u00f3\u0142uzale\u017cnienia\u201d, nr 4, lipiec 2019<\/p>\n<p><strong>&#8220;Pom\u00f3c przede wszystkim sobie&#8221;<\/strong> &#8211; wywiad przeprowadzony przez Katarzyn\u0119 Kulesz\u0119 poszerzaj\u0105cy rozumienie sytuacji osobistej i pomagania osobom wsp\u00f3\u0142uzale\u017cnionym) &#8211;\u00a0\u00a0w &#8220;\u015awiat Problem\u00f3w&#8221;, pa\u017adziernik 2019<\/p>\n<h2 style=\"text-align: center;\">2018<\/h2>\n<p><strong>&#8220;Rodzicielstwo wed\u0142ug nieprawid\u0142owego wzorca&#8221;<\/strong> &#8211; (opis postaw wobec rodzicielstwa u os\u00f3b, kt\u00f3re wyrasta\u0142y w rodzinie z problemem alkoholowym) &#8211; w &#8220;\u015awiat Problem\u00f3w&#8221;, wrzesie\u0144 2018<\/p>\n<p><strong>&#8220;Pomi\u0119dzy starym a nowym \u2013 kilka refleksji na temat kondycji zawodu\u2026&#8221;<\/strong> &#8211;\u00a0w \u201eTerapia Uzale\u017cnienia i Wsp\u00f3\u0142uzale\u017cnienia\u201d, nr 6, grudzie\u0144 2018<\/p>\n<h2 style=\"text-align: center;\">2017<\/h2>\n<p><strong>&#8220;R\u00f3wne traktowanie a psychoterapia uzale\u017cnie\u0144&#8221;<\/strong>\u00a0&#8211; w\u00a0\u201eTerapia Uzale\u017cnienia i Wsp\u00f3\u0142uzale\u017cnienia\u201d, nr 1, luty 2017<\/p>\n<p><strong>&#8220;Szufladki i Etykiety&#8221;<\/strong> &#8211; (opis postaw i tendencji terapeut\u00f3w do uproszczenia rozumienia pacjenta jako niekorzystnego zjawiska w terapii uzale\u017cnie\u0144) &#8211;\u00a0w \u201e\u015awiat Problem\u00f3w\u201d, grudzie\u0144 2017<\/p>\n<h2 style=\"text-align: center;\">2016<\/h2>\n<p><strong>\u201eRola matki a wsp\u00f3\u0142uzale\u017cnienie\u201d<\/strong> (pr\u00f3ba sklasyfikowania postaw macierzy\u0144skich i ich wp\u0142ywu na rozw\u00f3j dziecka kobiet tzw. wsp\u00f3\u0142uzale\u017cnionych) \u2013 w \u201e\u015awiat Problem\u00f3w\u201d, marzec 2016<\/p>\n<p><strong>\u201eOna i on \u2013 uzale\u017cniona para<\/strong>\u201d (opis przypadk\u00f3w par, w kt\u00f3rych oboje partnerzy s\u0105 uzale\u017cnieni od alkoholu) \u2013 w \u201eTerapia Uzale\u017cnienia i Wsp\u00f3\u0142uzale\u017cnienia\u201d, nr 3, maj 2016<\/p>\n<h2 style=\"text-align: center;\">2015<\/h2>\n<p><strong>\u201eWsp\u00f3\u0142uzale\u017cnienie -jak przetrwa\u0107 w rodzinie z osob\u0105 uzale\u017cnion\u0105\u201d<\/strong> broszura wydana pod patronatem PARPA przez Wydawnictwo Edukacyjne Remedium i Fundacj\u0119 ETOH, ISBN: 978-83- 64000-26- 3<\/p>\n<p><strong>\u201ePu\u0142apki w\u0142adzy, czyli o tym, kto \u201erz\u0105dzi\u201d w relacji terapeutyczne<\/strong>j\u201d (rozwa\u017cania dotycz\u0105ce relacji terapeutycznej) \u2013 w \u201eTerapia Uzale\u017cnienia i Wsp\u00f3\u0142uzale\u017cnienia\u201d, nr 1, stycze\u0144 2015<\/p>\n<p><strong>\u201ePu\u0142apki terapeutyczne, czyli na co nale\u017cy uwa\u017ca\u0107, pracuj\u0105c z DDA\u201d<\/strong> (opis trudno\u015bci w pracy z DDA) \u2013 w \u201e\u015awiat Problem\u00f3w\u201d, luty 2015<\/p>\n<p><strong>\u201e\u017beby nie przeinwestowa\u0107\u201d<\/strong> (tekst o pracy z duchowo\u015bci\u0105 z osobami uzale\u017cnionymi) \u2013 w \u201e\u015awiat Problem\u00f3w\u201d, sierpie\u0144 2015<\/p>\n<p><strong>\u201eOp\u00f3r w odpowiedzi\u201d<\/strong> (artyku\u0142 o zachowaniach i postawach terapeut\u00f3w, kt\u00f3re mog\u0105 wywo\u0142ywa\u0107 obronne reakcje pacjent\u00f3w) \u2013 w \u201e\u015awiat Problem\u00f3w\u201d, grudzie\u0144 2015<\/p>\n<h2 style=\"text-align: center;\">2014<\/h2>\n<p><strong>\u201eUzale\u017cnienie w pakiecie\u201d<\/strong> (opis przypadk\u00f3w kobiet, kt\u00f3re w wyniku wsp\u00f3\u0142uzale\u017cnienia same\u00a0si\u0119 uzale\u017cni\u0142y od alkoholu lub lek\u00f3w) \u2013 w \u201e\u015awiat Problem\u00f3w\u201d, marzec 2014<\/p>\n<p><strong>\u201eDlaczego to takie trudne? Kr\u00f3tki przewodnik po trudno\u015bciach pacy z osob\u0105\u00a0wsp\u00f3\u0142uzale\u017cnion\u0105\u201d<\/strong> \u2013 w \u201eTerapia Uzale\u017cnienia i Wsp\u00f3\u0142uzale\u017cnienia\u201d, nr 3, maj 2014<\/p>\n<p><strong>\u201ePicie si\u0119 ko\u0144czy \u2013 zaczynaj\u0105 si\u0119 inne problemy\u201d<\/strong> (artyku\u0142 o specyfice problem\u00f3w os\u00f3b\u00a0wsp\u00f3\u0142uzale\u017cnionych b\u0119d\u0105cych w zwi\u0105zku z osob\u0105 uzale\u017cnion\u0105 utrzymuj\u0105c\u0105\u00a0abstynencj\u0119) \u2013 w \u201e\u015awiat Problem\u00f3w\u201d, lipiec 2014<\/p>\n<h2 style=\"text-align: center;\">2013<\/h2>\n<p><strong>\u201eZ\u0142o\u015b\u0107 i l\u0119k \u2013 dwa oblicza cierpienia\u201d<\/strong> warsztat terapeutyczny jako przyk\u0142ad oferty after care (opis pracy z absolwentami psychoterapii grupowej dla DDA) \u2013 w \u201eTerapia Uzale\u017cnienia i Wsp\u00f3\u0142uzale\u017cnienia\u201d, nr 6, listopad 2013<\/p>\n<p>\u201e<strong>Pomaganie ma sens<\/strong>\u201d wywiad przeprowadzony przez Tadeusza Pulcyna, \u015awiat Problem\u00f3w\u201d, wrzesie\u0144 2013<\/p>\n<p>\u201e<strong>R\u00f3\u017cne drogi, podobny cel<\/strong>\u201d ( r\u00f3\u017cnice i podobie\u0144stwa w filozofii AA i terapii uzale\u017cnienia od alkoholu), \u015awiat Problem\u00f3w\u201d, sierpie\u0144 2013<\/p>\n<p>\u201e<strong>W obronie niezadowolenia<\/strong>\u201d (tekst komentuj\u0105cy i odnosz\u0105cy do praktyki terapeutycznej wyniki bada\u0144 Jana Chodkiewicza na temat DDA), w \u201eTerapia Uzale\u017cnienia i Wsp\u00f3\u0142uzale\u017cnienia\u201d, nr 2, czerwiec 2013<\/p>\n<p>\u201e<strong>W kr\u0119gu stereotyp\u00f3w i destrukcji<\/strong>\u201d (o problemach w obszarze seksualno\u015bci kobiet uzale\u017cnionych od alkoholu), \u015awiat Problem\u00f3w\u201d, kwiecie\u0144 2013<\/p>\n<p>\u201e<strong>Kobiety, wino i\u2026 tabletki<\/strong>\u201d (opis specyfiki pracy z kobietami uzale\u017cnionymi krzy\u017cowo \u2013 od alkoholu i lek\u00f3w), \u015awiat Problem\u00f3w\u201d, marzec 2013<\/p>\n<h2 style=\"text-align: center;\">2012<\/h2>\n<p>\u201e<strong>Podej\u015bcie humanistyczno \u2013 egzystencjalne \u2013 co wnosi w leczenie uzale\u017cnie\u0144?<\/strong>\u201d, \u201e\u015awiat Problem\u00f3w\u201d, wrzesie\u0144 2012<\/p>\n<p>\u201e<strong>Kryzys w rodzinie \u2013 pierwszy krok ku trze\u017awo\u015bci?<\/strong>\u201d \u201e\u015awiat Problem\u00f3w\u201d, lipiec 2012<\/p>\n<p>\u201e<strong>Uzale\u017cnienie w posagu czyli o niekt\u00f3rych aspektach terapii os\u00f3b uzale\u017cnionych \u2013 doros\u0142ych dzieci uzale\u017cnionych rodzic\u00f3w<\/strong>\u201d, \u201e\u015awiat Problem\u00f3w\u201d, luty 2012<\/p>\n<h2 style=\"text-align: center;\">2011<\/h2>\n<p align=\"left\">\u201e<strong>Kim jest moja matka?<\/strong>\u201d (etapy zmian w postrzeganiu w\u0142asnej matki w procesie terapii DDA), \u201e\u015awiat Problem\u00f3w\u201d, maj 2011<\/p>\n<p align=\"left\">\u201e<strong>Matka w terapii<\/strong>\u201d (r\u00f3\u017cne aspekty pracy terapeutyczne z kobietami, kt\u00f3r\u0105 s\u0105 matkami), w \u201eTerapia Uzale\u017cnienia i Wsp\u00f3\u0142uzale\u017cnienia\u201d, nr 4, sierpie\u0144 2011<\/p>\n<p align=\"left\">\u201e<strong>Ko\u0142o zamachowe<\/strong>\u201d (opis do\u015bwiadczenia wsp\u00f3\u0142pracy z Bia\u0142orusinami w ramach programu wymiany) w \u201eTerapia Uzale\u017cnienia i Wsp\u00f3\u0142uzale\u017cnienia\u201d, nr 2, kwiecie\u0144 2011<\/p>\n<p align=\"left\">\u201e<strong>R\u00f3\u017cnice niewidoczne go\u0142ym okiem<\/strong>\u201d (opis do\u015bwiadczenia wsp\u00f3\u0142pracy z Bia\u0142orusinami w ramach programu wymiany), \u201e\u015awiat Problem\u00f3w\u201d, marzec 2011<\/p>\n<h2 style=\"text-align: center;\">2010<\/h2>\n<p align=\"left\">\u201e<strong>Jak kompetentnie pomaga\u0107 wsp\u00f3\u0142uzale\u017cnionym \u2013 podsumowanie wymiany do\u015bwiadcze\u0144 specjalist\u00f3w z Bia\u0142orusi, Niemiec i Polski<\/strong>\u201d (wsp\u00f3\u0142autorka \u2013 teksty: \u201eSylwetka pacjenta z syndromem DDA i kr\u00f3tki rys historyczny dotycz\u0105cy ewolucji rozumienia os\u00f3b z syndromem DDA i mo\u017cliwo\u015bci pomagania im\u201d, \u201eMo\u017cliwo\u015b\u0107 autodiagnozy os\u00f3b z syndromem DDA \u2013 przydatne materia\u0142y\u201d, \u201eKr\u00f3tki opis przypadk\u00f3w os\u00f3b zg\u0142aszaj\u0105cych si\u0119 i uczestnicz\u0105cych w psychoterapii dla DDA -\u2013specyficzne dla tej populacji aspekty terapeutyczne\u201d, \u201eKonkretne programy terapeutyczne\u201d), wyd. Stowarzyszenie Edukacja i Nauka, 2010, ISBN 978-83-932367-0-1.<\/p>\n<p align=\"left\">\u201e<strong>By\u0142o &#8211; nie min\u0119\u0142o<\/strong>\u201d (kontekst spo\u0142eczny funkcjonowania trze\u017awego alkoholika z d\u0142ugotrwa\u0142\u0105 abstynencj\u0105), w \u201eTerapia Uzale\u017cnienia i Wsp\u00f3\u0142uzale\u017cnienia\u201d, nr 2, kwiecie\u0144 2010<\/p>\n<p align=\"left\">\u201e<strong>Psychoterapia dla DDA &#8211; grupowo, indywidualnie, a mo\u017ce wcale?<\/strong>\u201d \u015awiat Problem\u00f3w, czerwiec 2010.<\/p>\n<h2 style=\"text-align: center;\" align=\"left\">2009<\/h2>\n<p align=\"left\">\u201e<strong>DDA \u2013 autoportret<\/strong>\u201d (redakcja), Wydawnictwo Dywiz, Warszawa 2009, ISBN 978-83-927703-2-9 (opowiadania os\u00f3b, kt\u00f3re maj\u0105 za sob\u0105 terapi\u0119 dla DDA)<\/p>\n<p align=\"left\">\u201e<strong>Dzieci\u0144stwo bez dzieci\u0144stwa<\/strong>\u201d, Wydawnictwo Dywiz, Warszawa 2009, ISBN 978-83-927703-1-2, (pr\u00f3ba usystematyzowania problem\u00f3w DDA ze wzgl\u0119du na strategi\u0119 obran\u0105 wobec niezaspokojonych w dzieci\u0144stwie potrzeb)<\/p>\n<h2 style=\"text-align: center;\" align=\"left\">2008<\/h2>\n<p align=\"left\">\u201e<strong>Ja \u2013 matka, ja \u2013 c\u00f3rka<\/strong>\u201d (opis funkcjonowania os\u00f3b po terapii wsp\u00f3\u0142uzale\u017cnienia w psychoterapii grupowej dla DDA) w \u201eTerapia Uzale\u017cnienia i Wsp\u00f3\u0142uzale\u017cnienia\u201d, nr 5, wrzesie\u0144 2008<\/p>\n<p align=\"left\">\u201e<strong>Pierwszy krok to za ma\u0142o<\/strong>\u201d, Wydawnictwo Dywiz, Warszawa 2008, ISBN 978-83927703-0-5, (trzyna\u015bcie opowiada\u0144 pomagaj\u0105cych w trze\u017awieniu)<\/p>\n<p align=\"left\">\u201e<strong>Krzywda to wie\u015b niedaleko Siedlec<\/strong>\u201d cz.\u00a0I i II (opis obserwacji i przebiegu terapii pacjent\u00f3w DDA w kontek\u015bcie ich stosunku do doznanej w dzieci\u0144stwie krzywdy) w \u201eTerapia Uzale\u017cnienia i Wsp\u00f3\u0142uzale\u017cnienia\u201d, nr 2 i\u00a0 3, kwiecie\u0144 i czerwiec 2008<\/p>\n","protected":false},"excerpt":{"rendered":"<p>2025 &#8220;Rodzina z pogranicza czyli jak mo\u017cna rozumie\u0107 osoby z zaburzeniami osobowo\u015bci typu borderline b\u0119d\u0105ce bliskimi os\u00f3b z uzale\u017cnieniem i jak z nimi pracowa\u0107.&#8221;\u00a0 w \u201eTerapia Os\u00f3b Uzale\u017cnionych i Ich Bliskich\u201d, nr 3\/2025, wrzesie\u0144 2025 2023 \u201eKrasnoludki s\u0105 na \u015bwiecie, czyli o tym, co nazywamy wsp\u00f3\u0142uzale\u017cnieniem&#8221; w \u201eTerapia Os\u00f3b Uzale\u017cnionych i Ich Bliskich\u201d, nr 4\/2023, grudzie\u0144 2023 &#8220;Grupowo czyli jak?&#8221; w \u201eTerapia Os\u00f3b Uzale\u017cnionych i Ich Bliskich\u201d, nr 1\/2023, marzec 2023 2022 \u201eKto ty jeste\u015b? \u2013 czyli o specyfice zawodu\u201d w \u201eSerwis Informacyjny Uzale\u017cnienia\u201d, nr 3\/2022, wrzesie\u0144 2022 &#8220;Wybuchowa mieszanka&#8221; \u2013 o profilaktyce uzale\u017cnie\u0144 w \u015brodowiskach artystycznych z Joann\u0105 Wawersk\u0105-Kus rozmawia Maja Ruszpel w Miesi\u0119cznik Teatr, nr 7-8\/2022, lipiec &#8211;&#8230;<\/p>\n","protected":false},"author":1,"featured_media":0,"parent":0,"menu_order":4,"comment_status":"closed","ping_status":"closed","template":"","meta":{"footnotes":""},"class_list":["post-22","page","type-page","status-publish","hentry"],"_links":{"self":[{"href":"https:\/\/step.edu.pl\/index.php\/wp-json\/wp\/v2\/pages\/22","targetHints":{"allow":["GET"]}}],"collection":[{"href":"https:\/\/step.edu.pl\/index.php\/wp-json\/wp\/v2\/pages"}],"about":[{"href":"https:\/\/step.edu.pl\/index.php\/wp-json\/wp\/v2\/types\/page"}],"author":[{"embeddable":true,"href":"https:\/\/step.edu.pl\/index.php\/wp-json\/wp\/v2\/users\/1"}],"replies":[{"embeddable":true,"href":"https:\/\/step.edu.pl\/index.php\/wp-json\/wp\/v2\/comments?post=22"}],"version-history":[{"count":16,"href":"https:\/\/step.edu.pl\/index.php\/wp-json\/wp\/v2\/pages\/22\/revisions"}],"predecessor-version":[{"id":380,"href":"https:\/\/step.edu.pl\/index.php\/wp-json\/wp\/v2\/pages\/22\/revisions\/380"}],"wp:attachment":[{"href":"https:\/\/step.edu.pl\/index.php\/wp-json\/wp\/v2\/media?parent=22"}],"curies":[{"name":"wp","href":"https:\/\/api.w.org\/{rel}","templated":true}]}}