{"id":244,"date":"2023-07-31T11:37:43","date_gmt":"2023-07-31T09:37:43","guid":{"rendered":"http:\/\/step.edu.pl\/?page_id=244"},"modified":"2023-09-22T10:10:13","modified_gmt":"2023-09-22T08:10:13","slug":"bajka-o-dziecku-wojowniku","status":"publish","type":"page","link":"https:\/\/step.edu.pl\/index.php\/bajka-o-dziecku-wojowniku\/","title":{"rendered":"BAJKA O DZIECKU \u2013 WOJOWNIKU"},"content":{"rendered":"<h2 align=\"left\"><img loading=\"lazy\" decoding=\"async\" class=\"wp-image-246 aligncenter\" src=\"https:\/\/step.edu.pl\/wp-content\/uploads\/2023\/07\/wojownik.jpg\" alt=\"\" width=\"371\" height=\"557\" srcset=\"https:\/\/step.edu.pl\/wp-content\/uploads\/2023\/07\/wojownik.jpg 462w, https:\/\/step.edu.pl\/wp-content\/uploads\/2023\/07\/wojownik-200x300.jpg 200w\" sizes=\"auto, (max-width: 371px) 100vw, 371px\" \/><\/h2>\n<h2 align=\"left\">To nie jest bajka weso\u0142a. Nie dzieje si\u0119 ani za g\u00f3rami, ani za lasami, ani dawno, dawno temu. Dzieje si\u0119 cz\u0119sto\u2026 Teraz, tak jak kilka lat temu, kilkana\u015bcie i kilkadziesi\u0105t.<\/h2>\n<p align=\"left\">W pewnej rodzinie urodzi\u0142o si\u0119 dziecko. Malutkie, s\u0142odkie, bezbronne, jak to dziecko. Przysz\u0142o na \u015bwiat wyposa\u017cone w liczne potrzeby: potrzebowa\u0142o mi\u0142o\u015bci, opieki, bezpiecze\u0144stwa, spokoju, rado\u015bci. Potrzebowa\u0142o tak\u017ce wiedzie\u0107, co jest dobre, a co z\u0142e i co wolno robi\u0107, a czego w \u017cadnym wypadku robi\u0107 nie wolno i nie wypada. Niestety, w rodzinie, w kt\u00f3rej przysz\u0142o \u017cy\u0107 naszemu dziecku, potrzeby te nie mog\u0142y zosta\u0107 zaspokojone. W innych rodzinach to doro\u015bli, kt\u00f3rzy zostali rodzicami, czasami wspierani przez swoich rodzic\u00f3w, t\u0142umacz\u0105 i oswajaj\u0105 \u015bwiat \u2013 zaspokajaj\u0105 potrzeby dziecka. W rodzinie takiej, jak ta naszego dziecka, rodzice zaj\u0119ci byli walk\u0105 ze smokiem. Smok wymaga\u0142 od rodzic\u00f3w zaanga\u017cowania wielu si\u0142 i energii, krad\u0142 tak\u017ce ca\u0142ej rodzinie czas i pieni\u0105dze. Rodzice zaj\u0119ci walk\u0105 ze smokiem, nie mogli zaspokaja\u0107 potrzeb dziecka. Dziecko bardzo szybko nauczy\u0142o si\u0119, \u017ce je\u015bli chce wydrze\u0107 rodzicom chocia\u017c troch\u0119 uwagi dla siebie, musi zacz\u0105\u0107 uczestniczy\u0107 w walce. Malutkie, bezbronne dziecko na wojnie\u2026<\/p>\n<p align=\"left\">To jasne, \u017ce szybko musia\u0142o przesta\u0107 by\u0107 malutkie i bezbronne. Kiedy\u015b spr\u00f3bowa\u0142o obroni\u0107 si\u0119 przed smokiem przymilaniem i tuleniem si\u0119 do walcz\u0105cych rodzic\u00f3w. Pomog\u0142o na chwilk\u0119 \u2013 dziecku dosta\u0142o si\u0119 troch\u0119 ciep\u0142a i rozbawionego zainteresowania mamy i taty. Oczywi\u015bcie nie tyle, ile naprawd\u0119 dziecko potrzebowa\u0142o, ale troszeczk\u0119 jest lepsze ni\u017c nic. Innym razem, kiedy smok atakowa\u0142 tatusia, dziecko z wrzaskiem wybieg\u0142o przed tat\u0119 i pr\u00f3bowa\u0142o obroni\u0107 go w\u0142asn\u0105, w\u0105tlutk\u0105 piersi\u0105. Smok tak si\u0119 zdziwi\u0142, \u017ce przerwa\u0142 na chwil\u0119 atak. Ale na d\u0142u\u017csz\u0105 met\u0119 ten spos\u00f3b nie sprawdza\u0142 si\u0119 \u2013 dziecko zbyt mocno si\u0119 ba\u0142o, a tatu\u015b zamiast doceni\u0107 i pochwali\u0107 malucha, jeszcze na niego krzycza\u0142, i nie wiadomo dlaczego, m\u00f3wi\u0142, \u017ce ca\u0142a ta wojna jest przez dziecko. To by\u0142o zbyt bolesne \u2013 trzeba by\u0142o zmieni\u0107 strategi\u0119. Na przyk\u0142ad pomaga\u0107 mamie na ty\u0142ach wroga. Kiedy tatu\u015b walczy\u0142 ze smokiem, mo\u017cna by\u0142o opatrywa\u0107 rany, sprz\u0105ta\u0107 \u015blady walki i pomaga\u0107 tatusiowi dochodzi\u0107 do siebie po kolejnym starciu\u2026 To by\u0142 dobry spos\u00f3b na zdobycie zainteresowania rodzic\u00f3w, tyle, \u017ce wtedy troch\u0119 si\u0119 myli\u0142o, kto jest doros\u0142ym, a kto dzieckiem i kto w tej rodzinie w\u0142a\u015bciwie kim powinien si\u0119 opiekowa\u0107.<\/p>\n<p align=\"left\">Dziecko ros\u0142o w nieustaj\u0105cym zam\u0119cie i poczuciu zagro\u017cenia. Gubi\u0142o si\u0119 w domys\u0142ach, kto w\u0142a\u015bciwie jest w tej wojnie agresorem, a kto si\u0119 broni. Czy win\u0119 za to wszystko ponosi smok? A mo\u017ce jednak tata? A mo\u017ce gdyby mama si\u0119 odwa\u017cy\u0142a powiedzie\u0107 \u201edo\u015b\u0107\u201d, to w ko\u0144cu smok poszed\u0142by sobie razem z tat\u0105 i by\u0142by spok\u00f3j w rodzinie? Czasami dziecko my\u015bla\u0142o, \u017ce to ono winne jest ca\u0142ej tej wojnie\u2026 Wtedy natychmiast zrywa\u0142o si\u0119 do boju ze wzmo\u017con\u0105 energi\u0105, zapominaj\u0105c zupe\u0142nie, \u017ce jest tylko dzieckiem. Czasami b\u00f3l i cierpienie, poczucie winy i poczucie krzywdy stawa\u0142y si\u0119 tak straszliwe, tak niemo\u017cliwe, do zniesienia, \u017ce dziecko chowa\u0142o si\u0119 do czarodziejskiej kuli, kt\u00f3ra odgradza\u0142a je ca\u0142kowicie od \u015bwiata. Tam mog\u0142o nie czu\u0107, nie s\u0142ysze\u0107\u2026<\/p>\n<p align=\"left\">Los ka\u017cdego dziecka jest taki sam \u2013 musi sta\u0107 si\u0119 w ko\u0144cu doros\u0142ym. Ale nasz maluch mia\u0142 z tym prawdziwy k\u0142opot. Bo jak rozpozna\u0107, \u017ce si\u0119 jest doros\u0142ym, kiedy nigdy nie by\u0142o si\u0119 prawdziwie dzieckiem?! Mo\u017ce by tak zosta\u0107 dzieckiem ju\u017c na zawsze &#8211; my\u015bla\u0142o. Mo\u017ce te wszystkie niezaspokojone potrzeby dadz\u0105 si\u0119 zaspokoi\u0107 w\u0142a\u015bnie teraz? Doros\u0142y ma wiele zada\u0144 do spe\u0142nienia \u2013 mo\u017ce za\u0142o\u017cy\u0107 rodzin\u0119, da\u0107 jej poczucie bezpiecze\u0144stwa, mi\u0142o\u015b\u0107, opiek\u0119\u2026 Ale jak ma wygl\u0105da\u0107 taka rodzina: czy dobry wz\u00f3r to jest to, co by\u0142o w rodzinie, kt\u00f3r\u0105 nasze doros\u0142e ju\u017c dziecko zna, czy raczej to, co opisuj\u0105 w ksi\u0105\u017ckach i pokazuj\u0105 w filmach? A mo\u017ce w og\u00f3le nie ma na \u015bwiecie mi\u0142o\u015bci i porz\u0105dku\u2026 Spr\u00f3bowa\u0107 \u2013 to straszne ryzyko. Ju\u017c raz nasze dziecko si\u0119 przecie\u017c tak dotkliwie zawiod\u0142o \u2013 potrzebowa\u0142o tyle rzeczy od najbli\u017cszych mu os\u00f3b, a tata i mama dali mu strach, niepewno\u015b\u0107, krzywd\u0119 i win\u0119. Co zrobi\u0107 z takim posagiem?<\/p>\n<p align=\"left\">Mo\u017cna na przyk\u0142ad znale\u017a\u0107 w\u0142asnego smoka \u2013 wypisz wymaluj takiego, jak ten, z kt\u00f3rym walczy\u0142 tata. Przecie\u017c walka to, jest to, co nasze doros\u0142e dziecko potrafi najlepiej. Zna r\u00f3\u017cne strategie i sposoby na przetrwanie. Mo\u017cna te\u017c zwi\u0105za\u0107 sw\u00f3j los z kim\u015b, kto walczy ze smokiem tak, jak kiedy\u015b zrobi\u0142a to mama i tak jak mama dba\u0107 o tego kogo\u015b, kto utrudzi\u0142 si\u0119 w walce. Mo\u017cna te\u017c pragn\u0105\u0107 i ba\u0107 si\u0119 jednocze\u015bnie \u2013 d\u0105\u017cy\u0107 do bliskich zwi\u0105zk\u00f3w z innymi lud\u017ami, ale kiedy te zwi\u0105zki staj\u0105 si\u0119 rzeczywi\u015bcie bliskie, ucieka\u0107. Jak najdalej. Na wszelki wypadek, bo rozstanie mniej boli, ni\u017c krzywda wyrz\u0105dzona przez kogo\u015b, komu si\u0119 zaufa\u0142o. Mo\u017cna te\u017c w zwi\u0105zku z tym nikomu nie ufa\u0107, nawet sobie. Mo\u017cna te\u017c drobiazgowo zaplanowa\u0107 ca\u0142e swoje \u017cycie, dzie\u0144 po dniu, godzina po godzinie \u2013 \u017ceby nic niespodziewanego nie zaskoczy\u0142o. Bo wszystko, co niespodziewane, jest niebezpieczne \u2013 wi\u0119c lepiej niczego nie zmienia\u0107, nawet, je\u015bli jest \u017ar\u00f3d\u0142em cierpienia. Mo\u017cna te\u017c nie planowa\u0107 niczego \u2013 absolutnie niczego, bo przecie\u017c na \u015bwiecie niczego nie da si\u0119 przewidzie\u0107, \u015bwiat jest okrutny, g\u0142upi i pe\u0142en tajemnic. Dlatego trzeba by\u0107 czujnym. Zawsze w pogotowiu.<\/p>\n<p align=\"left\">Mo\u017cna te\u017c, mimo, \u017ce wcale si\u0119 tego nie chce, rani\u0107 wszystkich doko\u0142a. Najbardziej tych, kt\u00f3rych si\u0119 kocha. I ci\u0105gle \u017cy\u0107 w poczuciu winy. Poczucie winy jest mniej bolesne ni\u017c poczucie krzywdy. Z reszt\u0105 co to jest krzywda \u2013 nasze doros\u0142e dziecko w zasadzie nie zna takiego uczucia. W og\u00f3le uczucia, to nie jest jego mocna strona. One s\u0105 przecie\u017c te\u017c niebezpieczne\u2026<\/p>\n<p align=\"left\">Ta bajka nie ma zako\u0144czenia &#8211; je\u015bli my\u015blisz, \u017ce opowiada o tobie, to ty b\u0119dziesz autorem w\u0142asnego zako\u0144czenia. Mniej lub bardziej szcz\u0119\u015bliwego. \u017beby zako\u0144czenie nie by\u0142o tkwieniem w domu dzieci\u0144stwa albo paniczn\u0105 z niego ucieczka na o\u015blep, mo\u017cesz spr\u00f3bowa\u0107 terapii. I mo\u017ce si\u0119 tak zdarzy\u0107, \u017ce po terapii, nie b\u0119dziesz ju\u017c walczy\u0107. Bo w \u017cyciu nie chodzi o walk\u0119 i wygran\u0105 &#8211; w \u017cyciu chodzi o bycie szcz\u0119\u015bliwym. Masz na to szans\u0119 &#8211; bo ci si\u0119 to zwyczajne nale\u017cy. Wiesz ju\u017c na pewno, \u017ce ta bajka opowiada o Doros\u0142ym Dziecku Alkoholika. Tym, na kt\u00f3re m\u00f3wi\u0105 DDA. Z pewno\u015bci\u0105 domy\u015bli\u0142e\u015b si\u0119, \u017ce smok to alkoholizm. Terapia daje szans\u0119 na satysfakcjonuj\u0105c\u0105 doros\u0142o\u015b\u0107 i rozstanie si\u0119 z baga\u017cem trudnego dzieci\u0144stwa \u2013 mo\u017ce by\u0107 zako\u0144czeniem wojny.<\/p>\n","protected":false},"excerpt":{"rendered":"<p>To nie jest bajka weso\u0142a. Nie dzieje si\u0119 ani za g\u00f3rami, ani za lasami, ani dawno, dawno temu. Dzieje si\u0119 cz\u0119sto\u2026 Teraz, tak jak kilka lat temu, kilkana\u015bcie i kilkadziesi\u0105t. W pewnej rodzinie urodzi\u0142o si\u0119 dziecko. Malutkie, s\u0142odkie, bezbronne, jak to dziecko. Przysz\u0142o na \u015bwiat wyposa\u017cone w liczne potrzeby: potrzebowa\u0142o mi\u0142o\u015bci, opieki, bezpiecze\u0144stwa, spokoju, rado\u015bci. Potrzebowa\u0142o tak\u017ce wiedzie\u0107, co jest dobre, a co z\u0142e i co wolno robi\u0107, a czego w \u017cadnym wypadku robi\u0107 nie wolno i nie wypada. Niestety, w rodzinie, w kt\u00f3rej przysz\u0142o \u017cy\u0107 naszemu dziecku, potrzeby te nie mog\u0142y zosta\u0107 zaspokojone. W innych rodzinach to doro\u015bli, kt\u00f3rzy zostali rodzicami, czasami wspierani przez swoich rodzic\u00f3w, t\u0142umacz\u0105 i oswajaj\u0105&#8230;<\/p>\n","protected":false},"author":1,"featured_media":0,"parent":0,"menu_order":0,"comment_status":"closed","ping_status":"closed","template":"","meta":{"footnotes":""},"class_list":["post-244","page","type-page","status-publish","hentry"],"_links":{"self":[{"href":"https:\/\/step.edu.pl\/index.php\/wp-json\/wp\/v2\/pages\/244","targetHints":{"allow":["GET"]}}],"collection":[{"href":"https:\/\/step.edu.pl\/index.php\/wp-json\/wp\/v2\/pages"}],"about":[{"href":"https:\/\/step.edu.pl\/index.php\/wp-json\/wp\/v2\/types\/page"}],"author":[{"embeddable":true,"href":"https:\/\/step.edu.pl\/index.php\/wp-json\/wp\/v2\/users\/1"}],"replies":[{"embeddable":true,"href":"https:\/\/step.edu.pl\/index.php\/wp-json\/wp\/v2\/comments?post=244"}],"version-history":[{"count":4,"href":"https:\/\/step.edu.pl\/index.php\/wp-json\/wp\/v2\/pages\/244\/revisions"}],"predecessor-version":[{"id":257,"href":"https:\/\/step.edu.pl\/index.php\/wp-json\/wp\/v2\/pages\/244\/revisions\/257"}],"wp:attachment":[{"href":"https:\/\/step.edu.pl\/index.php\/wp-json\/wp\/v2\/media?parent=244"}],"curies":[{"name":"wp","href":"https:\/\/api.w.org\/{rel}","templated":true}]}}